{"id":2700,"date":"2025-07-04T18:10:24","date_gmt":"2025-07-04T16:10:24","guid":{"rendered":"https:\/\/v-v-65.com\/?page_id=2700"},"modified":"2025-07-10T07:05:31","modified_gmt":"2025-07-10T05:05:31","slug":"visites-virtuelles","status":"publish","type":"page","link":"https:\/\/v-v-65.com\/index.php\/visites-virtuelles\/","title":{"rendered":"Visites Virtuelles"},"content":{"rendered":"\t\t<div data-elementor-type=\"wp-page\" data-elementor-id=\"2700\" class=\"elementor elementor-2700\">\n\t\t\t\t<div class=\"elementor-element elementor-element-278acef e-flex e-con-boxed e-con e-parent\" data-id=\"278acef\" data-element_type=\"container\">\n\t\t\t\t\t<div class=\"e-con-inner\">\n\t\t\t\t<div class=\"elementor-element elementor-element-96e3bc6 elementor-widget elementor-widget-text-editor\" data-id=\"96e3bc6\" data-element_type=\"widget\" data-widget_type=\"text-editor.default\">\n\t\t\t\t<div class=\"elementor-widget-container\">\n\t\t\t\t\t\t\t\t\t<h2>Opter pour une visite virtuelle, c&#8217;est choisir la simplicit\u00e9 et la flexibilit\u00e9. \u00a0\u00e9vitant les d\u00e9placements inutiles. Enfin, la visite virtuelle offre une exp\u00e9rience immersive et pr\u00e9cise, facilitant la prise de d\u00e9cision. C&#8217;est une mani\u00e8re moderne, pratique et efficace de faire d\u00e9couvrir\u00a0 un espace !.<\/h2>\t\t\t\t\t\t\t\t<\/div>\n\t\t\t\t<\/div>\n\t\t\t\t\t<\/div>\n\t\t\t\t<\/div>\n\t\t<div class=\"elementor-element elementor-element-f8e7133 e-flex e-con-boxed e-con e-parent\" data-id=\"f8e7133\" data-element_type=\"container\">\n\t\t\t\t\t<div class=\"e-con-inner\">\n\t\t\t\t<div class=\"elementor-element elementor-element-a27dec5 elementor-widget-divider--view-line elementor-widget elementor-widget-divider\" data-id=\"a27dec5\" data-element_type=\"widget\" data-widget_type=\"divider.default\">\n\t\t\t\t<div class=\"elementor-widget-container\">\n\t\t\t\t\t\t\t<div class=\"elementor-divider\">\n\t\t\t<span class=\"elementor-divider-separator\">\n\t\t\t\t\t\t<\/span>\n\t\t<\/div>\n\t\t\t\t\t\t<\/div>\n\t\t\t\t<\/div>\n\t\t\t\t\t<\/div>\n\t\t\t\t<\/div>\n\t\t<div class=\"elementor-element elementor-element-520df41 e-flex e-con-boxed e-con e-parent\" data-id=\"520df41\" data-element_type=\"container\">\n\t\t\t\t\t<div class=\"e-con-inner\">\n\t\t\t\t<div class=\"elementor-element elementor-element-b6a3a08 elementor-widget elementor-widget-html\" data-id=\"b6a3a08\" data-element_type=\"widget\" data-widget_type=\"html.default\">\n\t\t\t\t<div class=\"elementor-widget-container\">\n\t\t\t\t\t<iframe width=\"760\" height=\"315\" src=\"https:\/\/v-v-65.com\/vv\/les-2-caleches.html\" frameborder=\"0\" allow= allowfullscreen><\/iframe>\t\t\t\t<\/div>\n\t\t\t\t<\/div>\n\t\t\t\t\t<\/div>\n\t\t\t\t<\/div>\n\t\t<div class=\"elementor-element elementor-element-23f74d8 e-flex e-con-boxed e-con e-parent\" data-id=\"23f74d8\" data-element_type=\"container\">\n\t\t\t\t\t<div class=\"e-con-inner\">\n\t\t\t\t<div class=\"elementor-element elementor-element-69730df elementor-widget-divider--view-line elementor-widget elementor-widget-divider\" data-id=\"69730df\" data-element_type=\"widget\" data-widget_type=\"divider.default\">\n\t\t\t\t<div class=\"elementor-widget-container\">\n\t\t\t\t\t\t\t<div class=\"elementor-divider\">\n\t\t\t<span class=\"elementor-divider-separator\">\n\t\t\t\t\t\t<\/span>\n\t\t<\/div>\n\t\t\t\t\t\t<\/div>\n\t\t\t\t<\/div>\n\t\t\t\t\t<\/div>\n\t\t\t\t<\/div>\n\t\t<div class=\"elementor-element elementor-element-a8df28e e-flex e-con-boxed e-con e-parent\" data-id=\"a8df28e\" data-element_type=\"container\">\n\t\t\t\t\t<div class=\"e-con-inner\">\n\t\t\t\t<div class=\"elementor-element elementor-element-1e53984 elementor-widget-divider--view-line elementor-widget elementor-widget-divider\" data-id=\"1e53984\" data-element_type=\"widget\" data-widget_type=\"divider.default\">\n\t\t\t\t<div class=\"elementor-widget-container\">\n\t\t\t\t\t\t\t<div class=\"elementor-divider\">\n\t\t\t<span class=\"elementor-divider-separator\">\n\t\t\t\t\t\t<\/span>\n\t\t<\/div>\n\t\t\t\t\t\t<\/div>\n\t\t\t\t<\/div>\n\t\t\t\t\t<\/div>\n\t\t\t\t<\/div>\n\t\t<div class=\"elementor-element elementor-element-7a96c59 e-flex e-con-boxed e-con e-parent\" data-id=\"7a96c59\" data-element_type=\"container\">\n\t\t\t\t\t<div class=\"e-con-inner\">\n\t\t\t\t<div class=\"elementor-element elementor-element-31f370a elementor-widget elementor-widget-html\" data-id=\"31f370a\" data-element_type=\"widget\" data-widget_type=\"html.default\">\n\t\t\t\t<div class=\"elementor-widget-container\">\n\t\t\t\t\t<iframe width=\"560\" height=\"315\" src=\"https:\/\/v-v-65.com\/vv\/cci-65.html\" frameborder=\"0\" allow= allowfullscreen><\/iframe>\t\t\t\t<\/div>\n\t\t\t\t<\/div>\n\t\t\t\t\t<\/div>\n\t\t\t\t<\/div>\n\t\t<div class=\"elementor-element elementor-element-b8df62f e-flex e-con-boxed e-con e-parent\" data-id=\"b8df62f\" data-element_type=\"container\">\n\t\t\t\t\t<div class=\"e-con-inner\">\n\t\t\t\t<div class=\"elementor-element elementor-element-7afdae4 elementor-widget-divider--view-line elementor-widget elementor-widget-divider\" data-id=\"7afdae4\" data-element_type=\"widget\" data-widget_type=\"divider.default\">\n\t\t\t\t<div class=\"elementor-widget-container\">\n\t\t\t\t\t\t\t<div class=\"elementor-divider\">\n\t\t\t<span class=\"elementor-divider-separator\">\n\t\t\t\t\t\t<\/span>\n\t\t<\/div>\n\t\t\t\t\t\t<\/div>\n\t\t\t\t<\/div>\n\t\t\t\t\t<\/div>\n\t\t\t\t<\/div>\n\t\t<div class=\"elementor-element elementor-element-f21eeb7 e-flex e-con-boxed e-con e-parent\" data-id=\"f21eeb7\" data-element_type=\"container\">\n\t\t\t\t\t<div class=\"e-con-inner\">\n\t\t\t\t<div class=\"elementor-element elementor-element-50762a4 elementor-widget elementor-widget-html\" data-id=\"50762a4\" data-element_type=\"widget\" data-widget_type=\"html.default\">\n\t\t\t\t<div class=\"elementor-widget-container\">\n\t\t\t\t\t<iframe width=\"560\" height=\"315\" src=\"https:\/\/v-v-65.com\/vv\/grands thermes.html\" frameborder=\"0\" allow= allowfullscreen><\/iframe>\t\t\t\t<\/div>\n\t\t\t\t<\/div>\n\t\t\t\t\t<\/div>\n\t\t\t\t<\/div>\n\t\t\t\t<\/div>\n\t\t","protected":false},"excerpt":{"rendered":"<p>Opter pour une visite virtuelle, c&#8217;est choisir la simplicit\u00e9 et la flexibilit\u00e9. \u00a0\u00e9vitant les d\u00e9placements inutiles. Enfin, la visite virtuelle offre une exp\u00e9rience immersive et pr\u00e9cise, facilitant la prise de d\u00e9cision. C&#8217;est une mani\u00e8re moderne, pratique et efficace de faire d\u00e9couvrir\u00a0 un espace !.<\/p>\n","protected":false},"author":1,"featured_media":0,"parent":0,"menu_order":0,"comment_status":"closed","ping_status":"closed","template":"","meta":{"ngg_post_thumbnail":0,"ocean_post_layout":"full-screen","ocean_both_sidebars_style":"","ocean_both_sidebars_content_width":0,"ocean_both_sidebars_sidebars_width":0,"ocean_sidebar":"","ocean_second_sidebar":"","ocean_disable_margins":"enable","ocean_add_body_class":"","ocean_shortcode_before_top_bar":"","ocean_shortcode_after_top_bar":"","ocean_shortcode_before_header":"","ocean_shortcode_after_header":"","ocean_has_shortcode":"","ocean_shortcode_after_title":"","ocean_shortcode_before_footer_widgets":"","ocean_shortcode_after_footer_widgets":"","ocean_shortcode_before_footer_bottom":"","ocean_shortcode_after_footer_bottom":"","ocean_display_top_bar":"default","ocean_display_header":"default","ocean_header_style":"","ocean_center_header_left_menu":"","ocean_custom_header_template":"","ocean_custom_logo":0,"ocean_custom_retina_logo":0,"ocean_custom_logo_max_width":0,"ocean_custom_logo_tablet_max_width":0,"ocean_custom_logo_mobile_max_width":0,"ocean_custom_logo_max_height":0,"ocean_custom_logo_tablet_max_height":0,"ocean_custom_logo_mobile_max_height":0,"ocean_header_custom_menu":"","ocean_menu_typo_font_family":"","ocean_menu_typo_font_subset":"","ocean_menu_typo_font_size":0,"ocean_menu_typo_font_size_tablet":0,"ocean_menu_typo_font_size_mobile":0,"ocean_menu_typo_font_size_unit":"px","ocean_menu_typo_font_weight":"","ocean_menu_typo_font_weight_tablet":"","ocean_menu_typo_font_weight_mobile":"","ocean_menu_typo_transform":"","ocean_menu_typo_transform_tablet":"","ocean_menu_typo_transform_mobile":"","ocean_menu_typo_line_height":0,"ocean_menu_typo_line_height_tablet":0,"ocean_menu_typo_line_height_mobile":0,"ocean_menu_typo_line_height_unit":"","ocean_menu_typo_spacing":0,"ocean_menu_typo_spacing_tablet":0,"ocean_menu_typo_spacing_mobile":0,"ocean_menu_typo_spacing_unit":"","ocean_menu_link_color":"","ocean_menu_link_color_hover":"","ocean_menu_link_color_active":"","ocean_menu_link_background":"","ocean_menu_link_hover_background":"","ocean_menu_link_active_background":"","ocean_menu_social_links_bg":"","ocean_menu_social_hover_links_bg":"","ocean_menu_social_links_color":"","ocean_menu_social_hover_links_color":"","ocean_disable_title":"default","ocean_disable_heading":"default","ocean_post_title":"","ocean_post_subheading":"","ocean_post_title_style":"","ocean_post_title_background_color":"","ocean_post_title_background":0,"ocean_post_title_bg_image_position":"","ocean_post_title_bg_image_attachment":"","ocean_post_title_bg_image_repeat":"","ocean_post_title_bg_image_size":"","ocean_post_title_height":0,"ocean_post_title_bg_overlay":0.5,"ocean_post_title_bg_overlay_color":"","ocean_disable_breadcrumbs":"default","ocean_breadcrumbs_color":"","ocean_breadcrumbs_separator_color":"","ocean_breadcrumbs_links_color":"","ocean_breadcrumbs_links_hover_color":"","ocean_display_footer_widgets":"default","ocean_display_footer_bottom":"default","ocean_custom_footer_template":"","footnotes":""},"class_list":["post-2700","page","type-page","status-publish","hentry","entry"],"_links":{"self":[{"href":"https:\/\/v-v-65.com\/index.php\/wp-json\/wp\/v2\/pages\/2700","targetHints":{"allow":["GET"]}}],"collection":[{"href":"https:\/\/v-v-65.com\/index.php\/wp-json\/wp\/v2\/pages"}],"about":[{"href":"https:\/\/v-v-65.com\/index.php\/wp-json\/wp\/v2\/types\/page"}],"author":[{"embeddable":true,"href":"https:\/\/v-v-65.com\/index.php\/wp-json\/wp\/v2\/users\/1"}],"replies":[{"embeddable":true,"href":"https:\/\/v-v-65.com\/index.php\/wp-json\/wp\/v2\/comments?post=2700"}],"version-history":[{"count":18,"href":"https:\/\/v-v-65.com\/index.php\/wp-json\/wp\/v2\/pages\/2700\/revisions"}],"predecessor-version":[{"id":2849,"href":"https:\/\/v-v-65.com\/index.php\/wp-json\/wp\/v2\/pages\/2700\/revisions\/2849"}],"wp:attachment":[{"href":"https:\/\/v-v-65.com\/index.php\/wp-json\/wp\/v2\/media?parent=2700"}],"curies":[{"name":"wp","href":"https:\/\/api.w.org\/{rel}","templated":true}]}}